{"id":6887,"date":"2025-01-29T15:24:22","date_gmt":"2025-01-29T15:24:22","guid":{"rendered":"https:\/\/csaco.com.br\/marine-environmental-consultants\/"},"modified":"2026-03-03T16:59:03","modified_gmt":"2026-03-03T16:59:03","slug":"sobre","status":"publish","type":"page","link":"https:\/\/csaco.com.br\/pt-br\/sobre\/","title":{"rendered":"Consultoria Marinha Especializada Desde 1970"},"content":{"rendered":"\t\t<div data-elementor-type=\"wp-page\" data-elementor-id=\"6887\" class=\"elementor elementor-6887 elementor-2981\" data-elementor-post-type=\"page\">\n\t\t\t\t<div class=\"elementor-element elementor-element-0785c38 e-flex e-con-boxed e-con e-parent\" data-id=\"0785c38\" data-element_type=\"container\" data-e-type=\"container\">\n\t\t\t\t\t<div class=\"e-con-inner\">\n\t\t<div class=\"elementor-element elementor-element-c42cc9c e-con-full e-flex e-con e-child\" data-id=\"c42cc9c\" data-element_type=\"container\" data-e-type=\"container\">\n\t\t\t\t<div class=\"elementor-element elementor-element-320ecfc elementor-view-default elementor-position-block-start elementor-mobile-position-block-start elementor-widget elementor-widget-icon-box\" data-id=\"320ecfc\" data-element_type=\"widget\" data-e-type=\"widget\" data-widget_type=\"icon-box.default\">\n\t\t\t\t<div class=\"elementor-widget-container\">\n\t\t\t\t\t\t\t<div class=\"elementor-icon-box-wrapper\">\n\n\t\t\t\t\t\t<div class=\"elementor-icon-box-icon\">\n\t\t\t\t<span  class=\"elementor-icon\">\n\t\t\t\t<svg aria-hidden=\"true\" class=\"e-font-icon-svg e-fas-globe-americas\" viewBox=\"0 0 496 512\" xmlns=\"http:\/\/www.w3.org\/2000\/svg\"><path d=\"M248 8C111.03 8 0 119.03 0 256s111.03 248 248 248 248-111.03 248-248S384.97 8 248 8zm82.29 357.6c-3.9 3.88-7.99 7.95-11.31 11.28-2.99 3-5.1 6.7-6.17 10.71-1.51 5.66-2.73 11.38-4.77 16.87l-17.39 46.85c-13.76 3-28 4.69-42.65 4.69v-27.38c1.69-12.62-7.64-36.26-22.63-51.25-6-6-9.37-14.14-9.37-22.63v-32.01c0-11.64-6.27-22.34-16.46-27.97-14.37-7.95-34.81-19.06-48.81-26.11-11.48-5.78-22.1-13.14-31.65-21.75l-.8-.72a114.792 114.792 0 0 1-18.06-20.74c-9.38-13.77-24.66-36.42-34.59-51.14 20.47-45.5 57.36-82.04 103.2-101.89l24.01 12.01C203.48 89.74 216 82.01 216 70.11v-11.3c7.99-1.29 16.12-2.11 24.39-2.42l28.3 28.3c6.25 6.25 6.25 16.38 0 22.63L264 112l-10.34 10.34c-3.12 3.12-3.12 8.19 0 11.31l4.69 4.69c3.12 3.12 3.12 8.19 0 11.31l-8 8a8.008 8.008 0 0 1-5.66 2.34h-8.99c-2.08 0-4.08.81-5.58 2.27l-9.92 9.65a8.008 8.008 0 0 0-1.58 9.31l15.59 31.19c2.66 5.32-1.21 11.58-7.15 11.58h-5.64c-1.93 0-3.79-.7-5.24-1.96l-9.28-8.06a16.017 16.017 0 0 0-15.55-3.1l-31.17 10.39a11.95 11.95 0 0 0-8.17 11.34c0 4.53 2.56 8.66 6.61 10.69l11.08 5.54c9.41 4.71 19.79 7.16 30.31 7.16s22.59 27.29 32 32h66.75c8.49 0 16.62 3.37 22.63 9.37l13.69 13.69a30.503 30.503 0 0 1 8.93 21.57 46.536 46.536 0 0 1-13.72 32.98zM417 274.25c-5.79-1.45-10.84-5-14.15-9.97l-17.98-26.97a23.97 23.97 0 0 1 0-26.62l19.59-29.38c2.32-3.47 5.5-6.29 9.24-8.15l12.98-6.49C440.2 193.59 448 223.87 448 256c0 8.67-.74 17.16-1.82 25.54L417 274.25z\"><\/path><\/svg>\t\t\t\t<\/span>\n\t\t\t<\/div>\n\t\t\t\n\t\t\t\t\t\t<div class=\"elementor-icon-box-content\">\n\n\t\t\t\t\t\t\t\t\t<h3 class=\"elementor-icon-box-title\">\n\t\t\t\t\t\t<span  >\n\t\t\t\t\t\t\tAlcance global\t\t\t\t\t\t<\/span>\n\t\t\t\t\t<\/h3>\n\t\t\t\t\n\t\t\t\t\n\t\t\t<\/div>\n\t\t\t\n\t\t<\/div>\n\t\t\t\t\t\t<\/div>\n\t\t\t\t<\/div>\n\t\t\t\t<\/div>\n\t\t\t\t<div class=\"elementor-element elementor-element-517667d elementor-widget__width-initial elementor-widget-divider--view-line elementor-widget elementor-widget-divider\" data-id=\"517667d\" data-element_type=\"widget\" data-e-type=\"widget\" data-widget_type=\"divider.default\">\n\t\t\t\t<div class=\"elementor-widget-container\">\n\t\t\t\t\t\t\t<div class=\"elementor-divider\">\n\t\t\t<span class=\"elementor-divider-separator\">\n\t\t\t\t\t\t<\/span>\n\t\t<\/div>\n\t\t\t\t\t\t<\/div>\n\t\t\t\t<\/div>\n\t\t<div class=\"elementor-element elementor-element-c3c0988 e-con-full e-flex e-con e-child\" data-id=\"c3c0988\" data-element_type=\"container\" data-e-type=\"container\">\n\t\t\t\t<div class=\"elementor-element elementor-element-2bda495 elementor-widget elementor-widget-text-editor\" data-id=\"2bda495\" data-element_type=\"widget\" data-e-type=\"widget\" data-widget_type=\"text-editor.default\">\n\t\t\t\t<div class=\"elementor-widget-container\">\n\t\t\t\t\t\t\t\t\t<p>As principais compet\u00eancias da CSA Ci\u00eancias Oce\u00e2nicas v\u00e3o al\u00e9m do levantamento de mar profundo, abrange a caracteriza\u00e7\u00e3o do ambiente costeiro e marinho, a prepara\u00e7\u00e3o para monitoramento ambiental offshore e mitiga\u00e7\u00e3o dos impactos ambientais ap\u00f3s derramamento acidental de \u00f3leo. Estes servi\u00e7os incluem tamb\u00e9m o monitoramento da inje\u00e7\u00e3o de dispersante em \u00e1guas profundas, tal como na superf\u00edcie, e a avalia\u00e7\u00e3o do efeito do dispersante sob o meio ambiente.<\/p><p>Os servi\u00e7os diversos da CSA tamb\u00e9m incluem a avalia\u00e7\u00e3o de alternativas para descomissionamento de estruturas de E&amp;P, o estabelecimento de estrat\u00e9gias de desenvolvimento que asseguram a manuten\u00e7\u00e3o da diversidade biol\u00f3gica e prote\u00e7\u00e3o dos corais e outras esp\u00e9cies marinhas sens\u00edveis, e a avalia\u00e7\u00e3o e mitiga\u00e7\u00e3o de impactos de fontes sonoras potencialmente nocivas para fauna marinha. A combina\u00e7\u00e3o da ci\u00eancia aplicada, tecnologia de ponta, e excel\u00eancia operacional formam um conjunto de fatores para o sucesso da empresa.<\/p>\t\t\t\t\t\t\t\t<\/div>\n\t\t\t\t<\/div>\n\t\t\t\t<\/div>\n\t\t\t\t\t<\/div>\n\t\t\t\t<\/div>\n\t\t<div class=\"elementor-element elementor-element-3633fdd e-flex e-con-boxed e-con e-parent\" data-id=\"3633fdd\" data-element_type=\"container\" data-e-type=\"container\" data-settings=\"{&quot;background_background&quot;:&quot;classic&quot;}\">\n\t\t\t\t\t<div class=\"e-con-inner\">\n\t\t<div class=\"elementor-element elementor-element-2eddc8c e-con-full e-flex e-con e-child\" data-id=\"2eddc8c\" data-element_type=\"container\" data-e-type=\"container\">\n\t\t\t\t<div class=\"elementor-element elementor-element-d5114b9 elementor-widget elementor-widget-heading\" data-id=\"d5114b9\" data-element_type=\"widget\" data-e-type=\"widget\" data-widget_type=\"heading.default\">\n\t\t\t\t<div class=\"elementor-widget-container\">\n\t\t\t\t\t<h2 class=\"elementor-heading-title elementor-size-default\">Carteira Robusta de projetos<\/h2>\t\t\t\t<\/div>\n\t\t\t\t<\/div>\n\t\t\t\t<div class=\"elementor-element elementor-element-1f6fd7c elementor-widget elementor-widget-text-editor\" data-id=\"1f6fd7c\" data-element_type=\"widget\" data-e-type=\"widget\" data-widget_type=\"text-editor.default\">\n\t\t\t\t<div class=\"elementor-widget-container\">\n\t\t\t\t\t\t\t\t\t<p>A CSA j\u00e1 realizou, com \u00eaxito, aproximadamente 2.300 estudos\/projetos para mais de 500 clientes na ind\u00fastria de petr\u00f3leo e g\u00e1s, energia renov\u00e1vel, empresas de pesquisa s\u00edsmica, setor portu\u00e1rio, empreiteiros de dragagem, constru\u00e7\u00e3o marinha, cabos submarinhos, dentre outros.<\/p><p>A ampla gama de servi\u00e7os marinhos oferecidos pela CSA se fundamenta no conhecimento de seu pessoal, altamente qualificado em diversas disciplinas relacionadas \u00e0s ci\u00eancias ambientais, al\u00e9m de t\u00e9cnicas, instala\u00e7\u00f5es, equipamentos, ci\u00eancias aplicadas e tecnologias.<\/p><p>No segmento de Energia, a linha de neg\u00f3cios concentra-se na presta\u00e7\u00e3o de servi\u00e7os mar\u00edtimos relacionados com explora\u00e7\u00e3o sustent\u00e1vel, desenvolvimento e pesquisa de recursos energ\u00e9ticos, principalmente na ind\u00fastria de petr\u00f3leo e g\u00e1s.<\/p>\t\t\t\t\t\t\t\t<\/div>\n\t\t\t\t<\/div>\n\t\t\t\t<\/div>\n\t\t<div class=\"elementor-element elementor-element-994482a e-con-full e-flex e-con e-child\" data-id=\"994482a\" data-element_type=\"container\" data-e-type=\"container\" data-settings=\"{&quot;background_background&quot;:&quot;classic&quot;}\">\n\t\t\t\t<div class=\"elementor-element elementor-element-5a8dc3b elementor-hidden-tablet elementor-hidden-mobile elementor-widget elementor-widget-image\" data-id=\"5a8dc3b\" data-element_type=\"widget\" data-e-type=\"widget\" data-widget_type=\"image.default\">\n\t\t\t\t<div class=\"elementor-widget-container\">\n\t\t\t\t\t\t\t\t\t\t\t\t\t\t\t<img fetchpriority=\"high\" decoding=\"async\" width=\"449\" height=\"598\" src=\"https:\/\/csaco.com.br\/wp-content\/uploads\/2025\/06\/csa-safety-hat_449x598.jpg\" class=\"attachment-full size-full wp-image-6882\" alt=\"csa-safety-hat_449x598\" srcset=\"https:\/\/csaco.com.br\/wp-content\/uploads\/2025\/06\/csa-safety-hat_449x598.jpg 449w, https:\/\/csaco.com.br\/wp-content\/uploads\/2025\/06\/csa-safety-hat_449x598-225x300.jpg 225w\" sizes=\"(max-width: 449px) 100vw, 449px\" \/>\t\t\t\t\t\t\t\t\t\t\t\t\t\t\t<\/div>\n\t\t\t\t<\/div>\n\t\t\t\t<\/div>\n\t\t\t\t\t<\/div>\n\t\t\t\t<\/div>\n\t\t\t\t<\/div>\n\t\t","protected":false},"excerpt":{"rendered":"<p>Alcance global As principais compet\u00eancias da CSA Ci\u00eancias Oce\u00e2nicas v\u00e3o al\u00e9m do levantamento de mar profundo, abrange a caracteriza\u00e7\u00e3o do ambiente costeiro e marinho, a prepara\u00e7\u00e3o para monitoramento ambiental offshore e mitiga\u00e7\u00e3o dos impactos ambientais ap\u00f3s derramamento acidental de \u00f3leo. Estes servi\u00e7os incluem tamb\u00e9m o monitoramento da inje\u00e7\u00e3o de dispersante em \u00e1guas profundas, tal como [&hellip;]<\/p>\n","protected":false},"author":2,"featured_media":6278,"parent":0,"menu_order":0,"comment_status":"closed","ping_status":"closed","template":"elementor_theme","meta":{"footnotes":""},"class_list":["post-6887","page","type-page","status-publish","has-post-thumbnail","hentry"],"_links":{"self":[{"href":"https:\/\/csaco.com.br\/pt-br\/wp-json\/wp\/v2\/pages\/6887","targetHints":{"allow":["GET"]}}],"collection":[{"href":"https:\/\/csaco.com.br\/pt-br\/wp-json\/wp\/v2\/pages"}],"about":[{"href":"https:\/\/csaco.com.br\/pt-br\/wp-json\/wp\/v2\/types\/page"}],"author":[{"embeddable":true,"href":"https:\/\/csaco.com.br\/pt-br\/wp-json\/wp\/v2\/users\/2"}],"replies":[{"embeddable":true,"href":"https:\/\/csaco.com.br\/pt-br\/wp-json\/wp\/v2\/comments?post=6887"}],"version-history":[{"count":33,"href":"https:\/\/csaco.com.br\/pt-br\/wp-json\/wp\/v2\/pages\/6887\/revisions"}],"predecessor-version":[{"id":7442,"href":"https:\/\/csaco.com.br\/pt-br\/wp-json\/wp\/v2\/pages\/6887\/revisions\/7442"}],"wp:featuredmedia":[{"embeddable":true,"href":"https:\/\/csaco.com.br\/pt-br\/wp-json\/wp\/v2\/media\/6278"}],"wp:attachment":[{"href":"https:\/\/csaco.com.br\/pt-br\/wp-json\/wp\/v2\/media?parent=6887"}],"curies":[{"name":"wp","href":"https:\/\/api.w.org\/{rel}","templated":true}]}}