{"id":6914,"date":"2025-06-25T12:40:05","date_gmt":"2025-06-25T12:40:05","guid":{"rendered":"https:\/\/csaco.com.br\/politica-de-privacidade\/"},"modified":"2025-07-01T17:52:04","modified_gmt":"2025-07-01T17:52:04","slug":"politica-de-privacidade","status":"publish","type":"page","link":"https:\/\/csaco.com.br\/pt-br\/politica-de-privacidade\/","title":{"rendered":"Pol\u00edtica de Privacidade"},"content":{"rendered":"\t\t<div data-elementor-type=\"wp-page\" data-elementor-id=\"6914\" class=\"elementor elementor-6914 elementor-6908\" data-elementor-post-type=\"page\">\n\t\t\t\t<div class=\"elementor-element elementor-element-e22d44c e-flex e-con-boxed e-con e-parent\" data-id=\"e22d44c\" data-element_type=\"container\" data-e-type=\"container\">\n\t\t\t\t\t<div class=\"e-con-inner\">\n\t\t\t\t<div class=\"elementor-element elementor-element-9a1cdde elementor-widget elementor-widget-text-editor\" data-id=\"9a1cdde\" data-element_type=\"widget\" data-e-type=\"widget\" data-widget_type=\"text-editor.default\">\n\t\t\t\t<div class=\"elementor-widget-container\">\n\t\t\t\t\t\t\t\t\t<p>N\u00e3o usaremos ou compartilharemos suas informa\u00e7\u00f5es com ningu\u00e9m, exceto conforme descrito nesta Pol\u00edtica de Privacidade.<\/p><p>Usamos suas Informa\u00e7\u00f5es Pessoais para fornecer e melhorar o Servi\u00e7o. Ao usar o Servi\u00e7o, voc\u00ea concorda com a coleta e uso de informa\u00e7\u00f5es de acordo com esta Pol\u00edtica de Privacidade.<\/p><h3>Coleta e Uso de Informa\u00e7\u00f5es<\/h3><p>Ao usar o Servi\u00e7o, podemos solicitar que voc\u00ea nos forne\u00e7a determinadas informa\u00e7\u00f5es de identifica\u00e7\u00e3o pessoal que podem ser usadas para contat\u00e1-lo ou identific\u00e1-lo. Essas informa\u00e7\u00f5es de identifica\u00e7\u00e3o pessoal podem incluir, mas n\u00e3o se limitam a, seu endere\u00e7o de e-mail, seu nome e sobrenome, n\u00famero de telefone, endere\u00e7o postal, informa\u00e7\u00f5es de pagamento e endere\u00e7o IP (&#8220;Informa\u00e7\u00f5es Pessoais&#8221;).<\/p><p>Coletamos essas Informa\u00e7\u00f5es Pessoais com a finalidade de fornecer o Servi\u00e7o, identificar e nos comunicar com voc\u00ea, responder \u00e0s suas solicita\u00e7\u00f5es\/consultas, atender seus pedidos de compra e melhorar o Servi\u00e7o para leitores e anunciantes.<\/p><h3>Dados de Registro<\/h3><p>Tamb\u00e9m podemos coletar informa\u00e7\u00f5es que seu navegador envia sempre que voc\u00ea visita o Servi\u00e7o (&#8220;Dados de registro&#8221;). Esses Dados de Registro podem incluir informa\u00e7\u00f5es como o endere\u00e7o do Protocolo de Internet (&#8220;IP&#8221;) do seu computador, dados de localiza\u00e7\u00e3o, tipo de navegador, vers\u00e3o do navegador, as p\u00e1ginas do Servi\u00e7o que voc\u00ea visita, a hora e a data de sua visita, o tempo gasto nessas p\u00e1ginas e outras estat\u00edsticas.<\/p><p>Al\u00e9m disso, podemos usar servi\u00e7os de terceiros, como o Google Analytics, que coletam, monitoram e analisam esse tipo de informa\u00e7\u00e3o para aumentar a funcionalidade do Servi\u00e7o e apoiar nossas decis\u00f5es de neg\u00f3cios baseadas em dados. Esses provedores de servi\u00e7os terceirizados t\u00eam suas pr\u00f3prias pol\u00edticas de privacidade abordando como eles usam essas informa\u00e7\u00f5es.<\/p><h3>Cookies<\/h3><p>Cookies s\u00e3o arquivos com uma pequena quantidade de dados, que podem incluir um identificador \u00fanico an\u00f4nimo. Os cookies s\u00e3o enviados para o seu navegador a partir de um site e transferidos para o seu dispositivo. Usamos cookies para coletar informa\u00e7\u00f5es para melhorar nossos servi\u00e7os para voc\u00ea.<\/p><p>Voc\u00ea pode instruir seu navegador para recusar todos os cookies ou para indicar quando um cookie est\u00e1 sendo enviado. O recurso de Ajuda na maioria dos navegadores fornece informa\u00e7\u00f5es sobre como aceitar cookies, desativ\u00e1-los ou notific\u00e1-lo ao receber um novo cookie.<\/p><p>Se voc\u00ea n\u00e3o aceitar cookies, talvez n\u00e3o consiga usar alguns recursos do Servi\u00e7o e recomendamos que voc\u00ea os deixe ativados.<\/p><h3>N\u00e3o Rastrear (DNT) Divulga\u00e7\u00e3o<\/h3><p>Apoiamos Do Not Track (&#8220;DNT&#8221;). N\u00e3o rastrear \u00e9 uma prefer\u00eancia que voc\u00ea pode definir em seu navegador da Web para informar aos sites que voc\u00ea n\u00e3o deseja ser rastreado.<\/p><p>Voc\u00ea pode habilitar ou desabilitar Do Not Track visitando a p\u00e1gina de Prefer\u00eancias ou Configura\u00e7\u00f5es do seu navegador da web.<\/p><h3>Provedores de Servi\u00e7o<\/h3><p>Podemos empregar empresas e indiv\u00edduos terceirizados para facilitar o Servi\u00e7o, fornecer o Servi\u00e7o em nosso nome, executar servi\u00e7os relacionados ao Servi\u00e7o e\/ou nos ajudar a analisar como o Servi\u00e7o \u00e9 usado.<\/p><p>Esses terceiros t\u00eam acesso \u00e0s suas informa\u00e7\u00f5es pessoais apenas para realizar tarefas espec\u00edficas em nosso nome e s\u00e3o obrigados a n\u00e3o divulgar ou usar suas informa\u00e7\u00f5es para qualquer outra finalidade.<\/p><h3>Comunica\u00e7\u00f5es<\/h3><p>Podemos usar suas Informa\u00e7\u00f5es Pessoais para contat\u00e1-lo com boletins informativos, materiais de marketing ou promocionais e outras informa\u00e7\u00f5es que possam ser de seu interesse. Voc\u00ea pode optar por n\u00e3o receber qualquer uma ou todas essas comunica\u00e7\u00f5es de n\u00f3s seguindo o link de cancelamento de inscri\u00e7\u00e3o ou as instru\u00e7\u00f5es fornecidas em qualquer e-mail que enviarmos.<\/p><h3>Conformidade com as Leis<\/h3><p>Divulgaremos suas Informa\u00e7\u00f5es Pessoais quando exigido por lei ou intima\u00e7\u00e3o ou se acreditarmos que tal a\u00e7\u00e3o \u00e9 necess\u00e1ria para cumprir a lei e as solicita\u00e7\u00f5es razo\u00e1veis de aplica\u00e7\u00e3o da lei ou para proteger a seguran\u00e7a ou integridade do Servi\u00e7o.<\/p><h3>Seguran\u00e7a<\/h3><p>A seguran\u00e7a de suas informa\u00e7\u00f5es pessoais \u00e9 importante para n\u00f3s, e nos esfor\u00e7amos para implementar e manter procedimentos e pr\u00e1ticas de seguran\u00e7a razo\u00e1veis e comercialmente aceit\u00e1veis, apropriados \u00e0 natureza das informa\u00e7\u00f5es que armazenamos, a fim de proteg\u00ea-las contra acesso n\u00e3o autorizado, destrui\u00e7\u00e3o, uso, modifica\u00e7\u00e3o, ou divulga\u00e7\u00e3o.<\/p><p>No entanto, esteja ciente de que nenhum m\u00e9todo de transmiss\u00e3o pela Internet ou m\u00e9todo de armazenamento eletr\u00f4nico \u00e9 100% seguro e n\u00e3o podemos garantir a seguran\u00e7a absoluta das Informa\u00e7\u00f5es Pessoais que coletamos de voc\u00ea.<\/p><h3>Localiza\u00e7\u00e3o dos Dados<\/h3><p>O Servi\u00e7o \u00e9 hospedado e gerenciado nos Estados Unidos. Se voc\u00ea for um usu\u00e1rio localizado fora dos Estados Unidos, voc\u00ea entende e consente que quaisquer Informa\u00e7\u00f5es Pessoais (que podem incluir informa\u00e7\u00f5es coletadas por meio do uso de cookies e outras tecnologias, conforme descrito acima) sejam processadas nos Estados Unidos ou em qualquer outro pa\u00eds em que temos instala\u00e7\u00f5es ou em que contratamos prestadores de servi\u00e7os. As leis de prote\u00e7\u00e3o de dados dos Estados Unidos e de outros pa\u00edses podem n\u00e3o ser as mesmas da sua jurisdi\u00e7\u00e3o. Em determinadas circunst\u00e2ncias, tribunais, ag\u00eancias de aplica\u00e7\u00e3o da lei, ag\u00eancias reguladoras ou autoridades de seguran\u00e7a nos Estados Unidos podem ter o direito de acessar suas informa\u00e7\u00f5es pessoais.<\/p><h3>Reten\u00e7\u00e3o de Dados<\/h3><p>Manteremos suas Informa\u00e7\u00f5es Pessoais apenas pelo tempo necess\u00e1rio para fornecer o Servi\u00e7o e para fins comerciais leg\u00edtimos e essenciais, como manter o desempenho do Servi\u00e7o, tomar decis\u00f5es comerciais baseadas em dados sobre novos recursos e ofertas, cumprir nossas obriga\u00e7\u00f5es e resolu\u00e7\u00e3o de lit\u00edgios.<\/p><p>Lembre-se de que, mesmo depois de cancelar sua conta, ou se voc\u00ea nos pedir para excluir suas informa\u00e7\u00f5es pessoais, c\u00f3pias de algumas informa\u00e7\u00f5es de sua conta podem permanecer vis\u00edveis em algumas circunst\u00e2ncias em que, por exemplo, voc\u00ea compartilhou informa\u00e7\u00f5es com m\u00eddias sociais ou outros servi\u00e7os. Devido \u00e0 natureza da tecnologia de cache, sua conta pode n\u00e3o ficar instantaneamente inacess\u00edvel para outras pessoas. Tamb\u00e9m podemos reter informa\u00e7\u00f5es de backup relacionadas \u00e0 sua conta em nossos servidores por algum tempo ap\u00f3s o cancelamento ou sua solicita\u00e7\u00e3o de exclus\u00e3o, para detec\u00e7\u00e3o de fraude ou para cumprir a lei aplic\u00e1vel ou nossas pol\u00edticas internas de seguran\u00e7a ou manuten\u00e7\u00e3o de registros. Nem sempre \u00e9 poss\u00edvel remover ou excluir completamente todas as suas informa\u00e7\u00f5es devido a restri\u00e7\u00f5es t\u00e9cnicas ou requisitos contratuais, financeiros ou legais.<\/p><h3>Links para Outros Sites<\/h3><p>O Servi\u00e7o pode conter links para outros sites que n\u00e3o s\u00e3o operados por n\u00f3s. Se voc\u00ea clicar em um link de terceiros, ser\u00e1 direcionado ao site desse terceiro. Aconselhamos vivamente que reveja a Pol\u00edtica de Privacidade de cada site que visitar.<\/p><p>N\u00e3o temos controle e n\u00e3o assumimos responsabilidade pelo conte\u00fado, pol\u00edticas de privacidade ou pr\u00e1ticas de quaisquer sites ou servi\u00e7os de terceiros.<\/p><h3>Privacidade infantil<\/h3><p>Apenas pessoas com 18 anos ou mais t\u00eam permiss\u00e3o para acessar o Servi\u00e7o. O Servi\u00e7o n\u00e3o se dirige a menores de 13 anos (&#8220;Crian\u00e7as&#8221;).<\/p><p>N\u00e3o coletamos intencionalmente informa\u00e7\u00f5es de identifica\u00e7\u00e3o pessoal de crian\u00e7as menores de 13 anos. Se voc\u00ea for pai ou respons\u00e1vel e souber que seus filhos nos forneceram Informa\u00e7\u00f5es Pessoais, entre em contato conosco. Se tomarmos conhecimento de que coletamos Informa\u00e7\u00f5es Pessoais de crian\u00e7as menores de 13 anos sem verifica\u00e7\u00e3o do consentimento dos pais, tomaremos medidas para remover essas informa\u00e7\u00f5es de nossos servidores.<\/p><h3>GDPR e Dados Pessoais de Indiv\u00edduos no Espa\u00e7o Econ\u00f4mico Europeu<\/h3><p>A partir de 25 de maio de 2018, as disposi\u00e7\u00f5es desta se\u00e7\u00e3o se aplicam a residentes do Espa\u00e7o Econ\u00f4mico Europeu (\u201cEEE\u201d) quando o Servi\u00e7o \u00e9 direcionado a eles: O Regulamento Geral de Prote\u00e7\u00e3o de Dados da UE (GDPR) \u00e9 uma nova lei abrangente de prote\u00e7\u00e3o de dados que atualiza as leis existentes da UE para fortalecer a prote\u00e7\u00e3o de \u201cDados Pessoais\u201d (qualquer Informa\u00e7\u00e3o Pessoal relacionada a uma pessoa f\u00edsica identificada ou identific\u00e1vel) \u00e0 luz dos r\u00e1pidos desenvolvimentos tecnol\u00f3gicos, a natureza cada vez mais global dos neg\u00f3cios e fluxos internacionais mais complexos de dados pessoais.<\/p><p>Assim, implementamos transpar\u00eancia adicional em rela\u00e7\u00e3o a indiv\u00edduos dentro do EEE. Conforme dispon\u00edvel e exceto conforme limitado pela lei aplic\u00e1vel, os direitos concedidos aos indiv\u00edduos s\u00e3o:<\/p><ul><li>Direito de Acesso &#8211; o direito de ser informado e solicitar acesso aos Dados Pessoais que processamos sobre voc\u00ea;<\/li><li>Direito \u00e0 Retifica\u00e7\u00e3o &#8211; o direito de solicitar que alteremos ou atualizemos seus Dados Pessoais quando estiverem imprecisos ou incompletos;<\/li><li>Direito de Apagamento &#8211; o direito de solicitar que excluamos seus Dados Pessoais;<\/li><li>Direito de Restri\u00e7\u00e3o &#8211; o direito de solicitar que paremos tempor\u00e1ria ou permanentemente de processar todos ou alguns de seus Dados Pessoais;<\/li><li>Direito de Obje\u00e7\u00e3o &#8211;<ul><li>o direito, a qualquer momento, de se opor ao processamento de seus Dados Pessoais por motivos relacionados \u00e0 sua situa\u00e7\u00e3o particular;<\/li><li>o direito de se opor ao processamento de seus Dados Pessoais para fins de marketing direto;<\/li><\/ul><\/li><li>Direito \u00e0 Portabilidade de Dados &#8211; o direito de solicitar uma c\u00f3pia dos seus Dados Pessoais em formato eletr\u00f3nico; e<\/li><li>Direito de n\u00e3o estar sujeito \u00e0 Tomada de Decis\u00e3o Automatizada &#8211; o direito de n\u00e3o estar sujeito a uma decis\u00e3o baseada exclusivamente na tomada de decis\u00e3o automatizada, incluindo a cria\u00e7\u00e3o de perfis, onde a decis\u00e3o tenha um efeito legal sobre voc\u00ea ou produza um efeito similarmente significativo.<\/li><\/ul><p>Se esta se\u00e7\u00e3o se aplicar a voc\u00ea e desejar receber uma c\u00f3pia eletr\u00f4nica de seus Dados Pessoais para qualquer uma dessas finalidades ou para exercer qualquer um dos direitos especificados em rela\u00e7\u00e3o aos seus Dados Pessoais, voc\u00ea pode entrar em contato conosco\u00a0<a href=\"https:\/\/web.archive.org\/web\/20240804073112\/https:\/\/csaco.com.br\/br\/fale-conosco\">aqui<\/a>.<\/p><p>Podemos precisar coletar e processar os Dados Pessoais para fornecer o Servi\u00e7o a voc\u00ea ou porque somos legalmente obrigados a faz\u00ea-lo. Se voc\u00ea n\u00e3o fornecer as informa\u00e7\u00f5es que solicitamos, talvez n\u00e3o possamos fornecer o Servi\u00e7o. Podemos usar os Dados Pessoais para nossos interesses comerciais leg\u00edtimos.<\/p><p>N\u00e3o permitimos conscientemente que crian\u00e7as no EEE menores de 13 anos se registrem para qualquer conte\u00fado, produto ou Servi\u00e7o. N\u00e3o coletamos, usamos ou divulgamos intencionalmente informa\u00e7\u00f5es pessoais sobre usu\u00e1rios menores de 13 anos, exceto conforme permitido por lei.<\/p><p>Em rela\u00e7\u00e3o \u00e0 se\u00e7\u00e3o intitulada \u201cReten\u00e7\u00e3o de Dados\u201d, acima: Mantemos suas Informa\u00e7\u00f5es Pessoais apenas pelo tempo necess\u00e1rio ou permitido \u00e0 luz do(s) prop\u00f3sito(s) para o qual foram obtidas. Os crit\u00e9rios usados para determinar nossos per\u00edodos de reten\u00e7\u00e3o incluem (i) enquanto tivermos um relacionamento cont\u00ednuo com voc\u00ea e fornecermos o Servi\u00e7o a voc\u00ea; (ii) conforme exigido por uma obriga\u00e7\u00e3o legal \u00e0 qual estamos sujeitos; ou (iii) conforme aconselh\u00e1vel \u00e0 luz de nossa posi\u00e7\u00e3o legal (como em rela\u00e7\u00e3o aos estatutos de limita\u00e7\u00f5es aplic\u00e1veis, lit\u00edgios ou investiga\u00e7\u00f5es regulat\u00f3rias).<\/p><p>Voc\u00ea pode apresentar uma reclama\u00e7\u00e3o a uma autoridade supervisora competente para seu pa\u00eds ou regi\u00e3o.<\/p><p>Para obter informa\u00e7\u00f5es adicionais sobre o GDPR e a prote\u00e7\u00e3o de dados no EEE, clique no link a seguir:\u00a0<a href=\"https:\/\/web.archive.org\/web\/20240804073112\/https:\/\/ec.europa.eu\/info\/law\/law-topic\/data-protection_en\" target=\"_blank\" rel=\"noopener noreferrer\">https:\/\/ec.europa.eu\/info\/law\/law-topic\/data-protection_en<\/a>.<\/p><h3>Altera\u00e7\u00f5es a esta Pol\u00edtica de Privacidade<\/h3><p>Esta Pol\u00edtica de Privacidade entra em vigor a partir de 2 de junho de 2021 e permanecer\u00e1 em vigor, exceto com rela\u00e7\u00e3o a quaisquer altera\u00e7\u00f5es em suas disposi\u00e7\u00f5es no futuro, que entrar\u00e3o em vigor imediatamente ap\u00f3s serem publicadas nesta p\u00e1gina.<\/p><p>Reservamo-nos o direito de atualizar ou alterar nossa Pol\u00edtica de Privacidade a qualquer momento e voc\u00ea deve verificar esta Pol\u00edtica de Privacidade periodicamente. Seu uso continuado do Servi\u00e7o ap\u00f3s publicarmos quaisquer modifica\u00e7\u00f5es na Pol\u00edtica de Privacidade nesta p\u00e1gina constituir\u00e1 seu reconhecimento das modifica\u00e7\u00f5es e seu consentimento em cumprir e estar vinculado \u00e0 Pol\u00edtica de Privacidade modificada.<\/p><p>Se fizermos quaisquer altera\u00e7\u00f5es materiais a esta Pol\u00edtica de Privacidade, notificaremos voc\u00ea por meio do endere\u00e7o de e-mail que voc\u00ea nos forneceu ou colocando um aviso em destaque em nosso site.<\/p><h3>Contate-Nos<\/h3><p>Se voc\u00ea tiver alguma d\u00favida sobre esta Pol\u00edtica de Privacidade, entre em contato conosco aqui. Tamb\u00e9m podemos ser contatados no local da nossa sede:<\/p><p>CSA Ci\u00eancias Oce\u00e2nicas<br \/>Av. Carlos Moreira Lima 90<br \/>Bento Ferreira Vit\u00f3ria ES<br \/>29.050-652<br \/>Brasil<\/p>\t\t\t\t\t\t\t\t<\/div>\n\t\t\t\t<\/div>\n\t\t\t\t\t<\/div>\n\t\t\t\t<\/div>\n\t\t\t\t<\/div>\n\t\t","protected":false},"excerpt":{"rendered":"<p>N\u00e3o usaremos ou compartilharemos suas informa\u00e7\u00f5es com ningu\u00e9m, exceto conforme descrito nesta Pol\u00edtica de Privacidade. Usamos suas Informa\u00e7\u00f5es Pessoais para fornecer e melhorar o Servi\u00e7o. Ao usar o Servi\u00e7o, voc\u00ea concorda com a coleta e uso de informa\u00e7\u00f5es de acordo com esta Pol\u00edtica de Privacidade. Coleta e Uso de Informa\u00e7\u00f5es Ao usar o Servi\u00e7o, podemos [&hellip;]<\/p>\n","protected":false},"author":2,"featured_media":6482,"parent":0,"menu_order":0,"comment_status":"closed","ping_status":"closed","template":"elementor_theme","meta":{"footnotes":""},"class_list":["post-6914","page","type-page","status-publish","has-post-thumbnail","hentry"],"_links":{"self":[{"href":"https:\/\/csaco.com.br\/pt-br\/wp-json\/wp\/v2\/pages\/6914","targetHints":{"allow":["GET"]}}],"collection":[{"href":"https:\/\/csaco.com.br\/pt-br\/wp-json\/wp\/v2\/pages"}],"about":[{"href":"https:\/\/csaco.com.br\/pt-br\/wp-json\/wp\/v2\/types\/page"}],"author":[{"embeddable":true,"href":"https:\/\/csaco.com.br\/pt-br\/wp-json\/wp\/v2\/users\/2"}],"replies":[{"embeddable":true,"href":"https:\/\/csaco.com.br\/pt-br\/wp-json\/wp\/v2\/comments?post=6914"}],"version-history":[{"count":11,"href":"https:\/\/csaco.com.br\/pt-br\/wp-json\/wp\/v2\/pages\/6914\/revisions"}],"predecessor-version":[{"id":7450,"href":"https:\/\/csaco.com.br\/pt-br\/wp-json\/wp\/v2\/pages\/6914\/revisions\/7450"}],"wp:featuredmedia":[{"embeddable":true,"href":"https:\/\/csaco.com.br\/pt-br\/wp-json\/wp\/v2\/media\/6482"}],"wp:attachment":[{"href":"https:\/\/csaco.com.br\/pt-br\/wp-json\/wp\/v2\/media?parent=6914"}],"curies":[{"name":"wp","href":"https:\/\/api.w.org\/{rel}","templated":true}]}}